{"id":39,"date":"2023-06-12T18:13:42","date_gmt":"2023-06-12T18:13:42","guid":{"rendered":"https:\/\/magoproject.com\/?page_id=39"},"modified":"2023-06-12T18:13:42","modified_gmt":"2023-06-12T18:13:42","slug":"quienes-somos","status":"publish","type":"page","link":"https:\/\/magoproject.com\/index.php\/quienes-somos\/","title":{"rendered":"QUIENES SOMOS"},"content":{"rendered":"\n<p><strong>QUIEN SOMOS A NIVEL GLOBAL<\/strong><\/p>\n\n\n\n<p>En la actualidad, la trayectoria del estudio tiende hacia la internacionalizaci\u00f3n, con trabajos en geograf\u00edas distantes que se acometen sin abandonar las ra\u00edces, preservando la esencia heredada del dominio de la profesi\u00f3n.<\/p>\n\n\n\n<p>&nbsp;&nbsp;&nbsp;&nbsp;&nbsp;&nbsp;&nbsp;&nbsp;&nbsp;&nbsp;&nbsp; Desde hace a\u00f1os hemos incorporado a nuestra empresa en el extranjero un nuevo sentido, y debido a las inquietudes planteadas por cliente y empresas colaboradoras en distintas localizaciones creamos esta nueva divisi\u00f3n y camino de trabajo.<\/p>\n\n\n\n<p>&nbsp;&nbsp;&nbsp;&nbsp;&nbsp;&nbsp;&nbsp;&nbsp;&nbsp;&nbsp;&nbsp; Incorporamos el ecoturismo como una nueva propuesta dentro de nuestras inquietudes y centr\u00e1ndonos a que la misma haga fluir mejores creaciones en los distintos \u00e1mbitos del dise\u00f1o en proyectos agro tur\u00edsticos.<\/p>\n\n\n\n<p>&nbsp;&nbsp;&nbsp;&nbsp;&nbsp;&nbsp;&nbsp;&nbsp;&nbsp;&nbsp;&nbsp; El resultado de un trabajo minucioso son unos proyectos en los que el lenguaje de la arquitectura contempor\u00e1nea se aborda desde un enfoque personalista, caracterizado por el vigor estructural, la depuraci\u00f3n formal y la calidez de los interiores y exteriores, a trav\u00e9s de la precisi\u00f3n t\u00e9cnica y del gusto por una cuidada ejecuci\u00f3n y que trataremos de acometer de igual manera en nuestros nuevos retos y esta nueva aventura. Todo ello resulta posible gracias a contar con una colaboraci\u00f3n de profesionales de alta calificaci\u00f3n en los distintos \u00e1mbitos del dise\u00f1o, desde la ideaci\u00f3n inicial, hasta la ejecuci\u00f3n final, pasando por la representaci\u00f3n gr\u00e1fica o la definici\u00f3n t\u00e9cnica.<\/p>\n","protected":false},"excerpt":{"rendered":"<p>QUIEN SOMOS A NIVEL GLOBAL En la actualidad, la trayectoria del estudio tiende hacia la internacionalizaci\u00f3n, con trabajos en geograf\u00edas distantes que se acometen sin abandonar las ra\u00edces, preservando la esencia heredada del dominio de la profesi\u00f3n. &nbsp;&nbsp;&nbsp;&nbsp;&nbsp;&nbsp;&nbsp;&nbsp;&nbsp;&nbsp;&nbsp; Desde hace a\u00f1os hemos incorporado a nuestra empresa en el extranjero un nuevo sentido, y debido a [&hellip;]<\/p>\n","protected":false},"author":1,"featured_media":0,"parent":0,"menu_order":0,"comment_status":"closed","ping_status":"closed","template":"","meta":{"footnotes":""},"_links":{"self":[{"href":"https:\/\/magoproject.com\/index.php\/wp-json\/wp\/v2\/pages\/39"}],"collection":[{"href":"https:\/\/magoproject.com\/index.php\/wp-json\/wp\/v2\/pages"}],"about":[{"href":"https:\/\/magoproject.com\/index.php\/wp-json\/wp\/v2\/types\/page"}],"author":[{"embeddable":true,"href":"https:\/\/magoproject.com\/index.php\/wp-json\/wp\/v2\/users\/1"}],"replies":[{"embeddable":true,"href":"https:\/\/magoproject.com\/index.php\/wp-json\/wp\/v2\/comments?post=39"}],"version-history":[{"count":1,"href":"https:\/\/magoproject.com\/index.php\/wp-json\/wp\/v2\/pages\/39\/revisions"}],"predecessor-version":[{"id":40,"href":"https:\/\/magoproject.com\/index.php\/wp-json\/wp\/v2\/pages\/39\/revisions\/40"}],"wp:attachment":[{"href":"https:\/\/magoproject.com\/index.php\/wp-json\/wp\/v2\/media?parent=39"}],"curies":[{"name":"wp","href":"https:\/\/api.w.org\/{rel}","templated":true}]}}